{"id":6,"date":"2025-10-06T18:52:10","date_gmt":"2025-10-06T18:52:10","guid":{"rendered":"https:\/\/canicasworldikerarnosi.bernat26.es\/?page_id=6"},"modified":"2025-12-01T21:56:10","modified_gmt":"2025-12-01T21:56:10","slug":"home","status":"publish","type":"page","link":"https:\/\/canicasworldikerarnosi.bernat26.es\/","title":{"rendered":"Inicio"},"content":{"rendered":"\n<div class=\"wp-block-uagb-container uagb-block-3ae9570c alignfull uagb-is-root-container\"><div class=\"uagb-container-inner-blocks-wrap\">\n<div class=\"wp-block-uagb-advanced-heading uagb-block-3ad6a0c4\"><h2 class=\"uagb-heading-text\">CANICAS WORLD<\/h2><\/div>\n\n\n\n<p><\/p>\n\n\n\n<p><\/p>\n\n\n\n<p><\/p>\n\n\n\n<p><\/p>\n\n\n\n<p><\/p>\n\n\n\n<p><\/p>\n\n\n\n<p><\/p>\n<\/div><\/div>\n\n\n\n<p><\/p>\n\n\n\n<div class=\"wp-block-uagb-advanced-heading uagb-block-d513a3c1\"><h2 class=\"uagb-heading-text\">Productos destacados<\/h2><\/div>\n\n\n\n<div class=\"wp-block-uagb-container uagb-block-fe3b9ef8 alignfull uagb-is-root-container\"><div class=\"uagb-container-inner-blocks-wrap\">\n<div class=\"wp-block-uagb-container uagb-block-eb72e9a7\">\n<div class=\"wp-block-uagb-image aligncenter uagb-block-afebb876 wp-block-uagb-image--layout-default wp-block-uagb-image--effect-static wp-block-uagb-image--align-center\"><figure class=\"wp-block-uagb-image__figure\"><img decoding=\"async\" srcset=\"https:\/\/canicasworldikerarnosi.bernat26.es\/wp-content\/uploads\/2025\/12\/unnamed-5.jpg ,https:\/\/canicasworldikerarnosi.bernat26.es\/wp-content\/uploads\/2025\/12\/unnamed-5.jpg 780w, https:\/\/canicasworldikerarnosi.bernat26.es\/wp-content\/uploads\/2025\/12\/unnamed-5.jpg 360w\" sizes=\"auto, (max-width: 480px) 150px\" src=\"https:\/\/canicasworldikerarnosi.bernat26.es\/wp-content\/uploads\/2025\/12\/unnamed-5.jpg\" alt=\"\" class=\"uag-image-203\" width=\"500\" height=\"500\" title=\"unnamed (5)\" loading=\"lazy\" role=\"img\"\/><\/figure><\/div>\n\n\n\n<p class=\"has-text-align-center\">CANICAS SENCILLAS PACK 12 Uds<\/p>\n\n\n\n<div class=\"wp-block-uagb-buttons uagb-buttons__outer-wrap uagb-btn__default-btn uagb-btn-tablet__default-btn uagb-btn-mobile__default-btn uagb-block-51074d07\"><div class=\"uagb-buttons__wrap uagb-buttons-layout-wrap \">\n<div class=\"wp-block-uagb-buttons-child uagb-buttons__outer-wrap uagb-block-5f50cb3b wp-block-button\"><div class=\"uagb-button__wrapper\"><a class=\"uagb-buttons-repeater wp-block-button__link\" aria-label=\"\" href=\"https:\/\/canicasworldikerarnosi.bernat26.es\/?product=pack-canicas-12-unidades-colores\" rel=\"follow noopener\" target=\"_self\" role=\"button\"><div class=\"uagb-button__link\">+ INFORMACION<\/div><\/a><\/div><\/div>\n<\/div><\/div>\n<\/div>\n\n\n\n<div class=\"wp-block-uagb-container uagb-block-90e7482b\">\n<figure class=\"wp-block-image aligncenter size-full is-resized\"><img loading=\"lazy\" decoding=\"async\" width=\"1024\" height=\"1024\" src=\"https:\/\/canicasworldikerarnosi.bernat26.es\/wp-content\/uploads\/2025\/12\/unnamed.jpg\" alt=\"\" class=\"wp-image-190\" style=\"object-fit:cover;width:500px;height:500px\" srcset=\"https:\/\/canicasworldikerarnosi.bernat26.es\/wp-content\/uploads\/2025\/12\/unnamed.jpg 1024w, https:\/\/canicasworldikerarnosi.bernat26.es\/wp-content\/uploads\/2025\/12\/unnamed-300x300.jpg 300w, https:\/\/canicasworldikerarnosi.bernat26.es\/wp-content\/uploads\/2025\/12\/unnamed-150x150.jpg 150w, https:\/\/canicasworldikerarnosi.bernat26.es\/wp-content\/uploads\/2025\/12\/unnamed-768x768.jpg 768w, https:\/\/canicasworldikerarnosi.bernat26.es\/wp-content\/uploads\/2025\/12\/unnamed-600x600.jpg 600w, https:\/\/canicasworldikerarnosi.bernat26.es\/wp-content\/uploads\/2025\/12\/unnamed-100x100.jpg 100w\" sizes=\"auto, (max-width: 1024px) 100vw, 1024px\" \/><\/figure>\n\n\n\n<p class=\"has-text-align-center\">CANICAS SENCILLAS 1 ud<\/p>\n\n\n\n<div class=\"wp-block-uagb-buttons uagb-buttons__outer-wrap uagb-btn__default-btn uagb-btn-tablet__default-btn uagb-btn-mobile__default-btn uagb-block-63271405\"><div class=\"uagb-buttons__wrap uagb-buttons-layout-wrap \">\n<div class=\"wp-block-uagb-buttons-child uagb-buttons__outer-wrap uagb-block-2ccfb1e6 wp-block-button\"><div class=\"uagb-button__wrapper\"><a class=\"uagb-buttons-repeater wp-block-button__link\" aria-label=\"\" href=\"https:\/\/canicasworldikerarnosi.bernat26.es\/?product=canicas-sueltas-clasicas\" rel=\"follow noopener\" target=\"_self\" role=\"button\"><div class=\"uagb-button__link\">+ INFORMACION<\/div><\/a><\/div><\/div>\n<\/div><\/div>\n<\/div>\n<\/div><\/div>\n\n\n\n<div class=\"wp-block-uagb-container uagb-block-829c62a8 alignfull uagb-is-root-container\"><div class=\"uagb-container-inner-blocks-wrap\">\n<div class=\"wp-block-uagb-advanced-heading uagb-block-ceb6a7fe\"><h2 class=\"uagb-heading-text\">\u00bfQui\u00e9nes somos?<\/h2><\/div>\n\n\n\n<p>En CanicasWorld somos un equipo apasionado por mantener viva la magia de un juego que ha formado parte de la infancia de muchas generaciones: las canicas. Nuestro proyecto naci\u00f3 con una idea sencilla, pero poderosa: rescatar la tradici\u00f3n del juego cl\u00e1sico y adaptarla al mundo digital, creando una tienda online moderna, accesible y llena de color.<\/p>\n\n\n\n<p>Nos especializamos en ofrecer canicas de alta calidad, desde modelos cl\u00e1sicos hasta ediciones exclusivas para coleccionistas, cuidando cada detalle para que cada pieza sea especial. Creemos que las canicas no son solo juguetes, sino s\u00edmbolos de recuerdos, amistad y diversi\u00f3n compartida.<\/p>\n<\/div><\/div>\n\n\n\n<div class=\"wp-block-uagb-container uagb-block-bfb3d4d7 alignfull uagb-is-root-container\"><div class=\"uagb-container-inner-blocks-wrap\">\n<div class=\"wp-block-uagb-container uagb-block-6793a1bd\">\n<div class=\"wp-block-uagb-advanced-heading uagb-block-c525b104\"><h2 class=\"uagb-heading-text\">\u00bfPor qu\u00e9 nosotros?<\/h2><\/div>\n\n\n\n<p>En CanicasWorld no somos una tienda cualquiera: somos un espacio dedicado exclusivamente al mundo de las canicas, creado para los que valoran la tradici\u00f3n, el coleccionismo y la diversi\u00f3n de siempre. Nos diferencia la pasi\u00f3n por los detalles y el cuidado con el que seleccionamos cada producto, buscando siempre la mejor calidad y los dise\u00f1os m\u00e1s originales.<\/p>\n<\/div>\n\n\n\n<div class=\"wp-block-uagb-container uagb-block-277e4ec8\">\n<figure class=\"wp-block-image size-full\"><img loading=\"lazy\" decoding=\"async\" width=\"225\" height=\"225\" src=\"https:\/\/canicasworldikerarnosi.bernat26.es\/wp-content\/uploads\/2025\/10\/images.jpg\" alt=\"\" class=\"wp-image-53\" srcset=\"https:\/\/canicasworldikerarnosi.bernat26.es\/wp-content\/uploads\/2025\/10\/images.jpg 225w, https:\/\/canicasworldikerarnosi.bernat26.es\/wp-content\/uploads\/2025\/10\/images-150x150.jpg 150w\" sizes=\"auto, (max-width: 225px) 100vw, 225px\" \/><\/figure>\n<\/div>\n<\/div><\/div>\n\n\n\n<p><\/p>\n\n\n\n<p><\/p>\n\n\n\n<p><\/p>\n\n\n\n<p><\/p>\n","protected":false},"excerpt":{"rendered":"<p>CANICAS WORLD Productos destacados CANICAS SENCILLAS PACK 12 Uds CANICAS SENCILLAS 1 ud \u00bfQui\u00e9nes somos? En CanicasWorld somos un equipo [&hellip;]<\/p>\n","protected":false},"author":1,"featured_media":0,"parent":0,"menu_order":0,"comment_status":"closed","ping_status":"closed","template":"","meta":{"_uag_custom_page_level_css":"","site-sidebar-layout":"default","site-content-layout":"","ast-site-content-layout":"default","site-content-style":"default","site-sidebar-style":"default","ast-global-header-display":"","ast-banner-title-visibility":"","ast-main-header-display":"","ast-hfb-above-header-display":"","ast-hfb-below-header-display":"","ast-hfb-mobile-header-display":"","site-post-title":"disabled","ast-breadcrumbs-content":"","ast-featured-img":"","footer-sml-layout":"","theme-transparent-header-meta":"","adv-header-id-meta":"","stick-header-meta":"","header-above-stick-meta":"","header-main-stick-meta":"","header-below-stick-meta":"","astra-migrate-meta-layouts":"default","ast-page-background-enabled":"default","ast-page-background-meta":{"desktop":{"background-color":"var(--ast-global-color-5)","background-image":"","background-repeat":"repeat","background-position":"center center","background-size":"auto","background-attachment":"scroll","background-type":"","background-media":"","overlay-type":"","overlay-color":"","overlay-opacity":"","overlay-gradient":""},"tablet":{"background-color":"","background-image":"","background-repeat":"repeat","background-position":"center center","background-size":"auto","background-attachment":"scroll","background-type":"","background-media":"","overlay-type":"","overlay-color":"","overlay-opacity":"","overlay-gradient":""},"mobile":{"background-color":"","background-image":"","background-repeat":"repeat","background-position":"center center","background-size":"auto","background-attachment":"scroll","background-type":"","background-media":"","overlay-type":"","overlay-color":"","overlay-opacity":"","overlay-gradient":""}},"ast-content-background-meta":{"desktop":{"background-color":"var(--ast-global-color-4)","background-image":"","background-repeat":"repeat","background-position":"center center","background-size":"auto","background-attachment":"scroll","background-type":"","background-media":"","overlay-type":"","overlay-color":"","overlay-opacity":"","overlay-gradient":""},"tablet":{"background-color":"var(--ast-global-color-4)","background-image":"","background-repeat":"repeat","background-position":"center center","background-size":"auto","background-attachment":"scroll","background-type":"","background-media":"","overlay-type":"","overlay-color":"","overlay-opacity":"","overlay-gradient":""},"mobile":{"background-color":"var(--ast-global-color-4)","background-image":"","background-repeat":"repeat","background-position":"center center","background-size":"auto","background-attachment":"scroll","background-type":"","background-media":"","overlay-type":"","overlay-color":"","overlay-opacity":"","overlay-gradient":""}},"footnotes":""},"class_list":["post-6","page","type-page","status-publish","hentry"],"uagb_featured_image_src":{"full":false,"thumbnail":false,"medium":false,"medium_large":false,"large":false,"1536x1536":false,"2048x2048":false,"mailpoet_newsletter_max":false,"woocommerce_thumbnail":false,"woocommerce_single":false,"woocommerce_gallery_thumbnail":false},"uagb_author_info":{"display_name":"admin","author_link":"https:\/\/canicasworldikerarnosi.bernat26.es\/author\/ikerarnosi"},"uagb_comment_info":0,"uagb_excerpt":"CANICAS WORLD Productos destacados CANICAS SENCILLAS PACK 12 Uds CANICAS SENCILLAS 1 ud \u00bfQui\u00e9nes somos? En CanicasWorld somos un equipo [&hellip;]","jetpack_sharing_enabled":true,"_links":{"self":[{"href":"https:\/\/canicasworldikerarnosi.bernat26.es\/index.php?rest_route=\/wp\/v2\/pages\/6","targetHints":{"allow":["GET"]}}],"collection":[{"href":"https:\/\/canicasworldikerarnosi.bernat26.es\/index.php?rest_route=\/wp\/v2\/pages"}],"about":[{"href":"https:\/\/canicasworldikerarnosi.bernat26.es\/index.php?rest_route=\/wp\/v2\/types\/page"}],"author":[{"embeddable":true,"href":"https:\/\/canicasworldikerarnosi.bernat26.es\/index.php?rest_route=\/wp\/v2\/users\/1"}],"replies":[{"embeddable":true,"href":"https:\/\/canicasworldikerarnosi.bernat26.es\/index.php?rest_route=%2Fwp%2Fv2%2Fcomments&post=6"}],"version-history":[{"count":33,"href":"https:\/\/canicasworldikerarnosi.bernat26.es\/index.php?rest_route=\/wp\/v2\/pages\/6\/revisions"}],"predecessor-version":[{"id":224,"href":"https:\/\/canicasworldikerarnosi.bernat26.es\/index.php?rest_route=\/wp\/v2\/pages\/6\/revisions\/224"}],"wp:attachment":[{"href":"https:\/\/canicasworldikerarnosi.bernat26.es\/index.php?rest_route=%2Fwp%2Fv2%2Fmedia&parent=6"}],"curies":[{"name":"wp","href":"https:\/\/api.w.org\/{rel}","templated":true}]}}